{"id":2941,"date":"2025-10-06T14:10:47","date_gmt":"2025-10-06T14:10:47","guid":{"rendered":"https:\/\/thealita.com\/vn\/?page_id=2941"},"modified":"2025-10-06T14:18:18","modified_gmt":"2025-10-06T14:18:18","slug":"ai-persona-insight","status":"publish","type":"page","link":"https:\/\/thealita.com\/vn\/ai-persona-insight\/","title":{"rendered":"AI Ph\u00e2n T\u00edch Insight"},"content":{"rendered":"\t\t<div data-elementor-type=\"wp-page\" data-elementor-id=\"2941\" class=\"elementor elementor-2941\">\n\t\t\t\t\t\t<div class=\"elementor-section elementor-top-section elementor-element elementor-element-251a3b5 elementor-section-boxed elementor-section-height-default elementor-section-height-default\" data-id=\"251a3b5\" data-element_type=\"section\" data-settings=\"{&quot;background_background&quot;:&quot;classic&quot;}\">\n\t\t\t\t\t\t\t<div class=\"elementor-background-overlay\"><\/div>\n\t\t\t\t\t\t\t<div class=\"elementor-container elementor-column-gap-default\">\n\t\t\t\t\t<div class=\"elementor-column elementor-col-50 elementor-top-column elementor-element elementor-element-ed850ed\" data-id=\"ed850ed\" data-element_type=\"column\">\n\t\t\t<div class=\"elementor-widget-wrap elementor-element-populated\">\n\t\t\t\t\t\t<div class=\"elementor-element elementor-element-fb74a20 elementor-widget elementor-widget-heading\" data-id=\"fb74a20\" data-element_type=\"widget\" data-widget_type=\"heading.default\">\n\t\t\t\t<div class=\"elementor-widget-container\">\n\t\t\t\t\t<h6 class=\"elementor-heading-title elementor-size-default\">\u1ee8ng D\u1ee5ng AI<\/h6>\t\t\t\t<\/div>\n\t\t\t\t<\/div>\n\t\t\t\t<div class=\"elementor-element elementor-element-e60c2f7 elementor-widget elementor-widget-heading\" data-id=\"e60c2f7\" data-element_type=\"widget\" data-widget_type=\"heading.default\">\n\t\t\t\t<div class=\"elementor-widget-container\">\n\t\t\t\t\t<h3 class=\"elementor-heading-title elementor-size-default\">AI Ph\u00e2n t\u00edch Insight Kh\u00e1ch h\u00e0ng<\/h3>\t\t\t\t<\/div>\n\t\t\t\t<\/div>\n\t\t\t\t<div class=\"elementor-element elementor-element-96e6fdb elementor-widget__width-initial elementor-widget-tablet__width-initial elementor-widget-mobile__width-inherit elementor-widget elementor-widget-text-editor\" data-id=\"96e6fdb\" data-element_type=\"widget\" data-widget_type=\"text-editor.default\">\n\t\t\t\t<div class=\"elementor-widget-container\">\n\t\t\t\t\t\t\t\t\t<p>Model AI \u0111\u01b0\u1ee3c x\u00e2y d\u1ef1ng t\u1eeb d\u1eef li\u1ec7u social c\u1ee7a h\u01a1n 350M profiles \u0111\u1ec3 gi\u00fap b\u1ea1n ph\u00e2n t\u00edch chuy\u00ean s\u00e2u ch\u00e2n dung, insight kh\u00e1ch h\u00e0ng, k\u1ec3 c\u00e1c c\u00e1c ch\u1ec9 s\u1ed1 v\u1ec1 th\u1ea7n s\u1ed1 h\u1ecdc v\u00e0 cung. \u0110\u1ec1 xu\u1ea5t cho b\u1ea1n chi\u1ebfn l\u01b0\u1ee3c ti\u1ebfp c\u1eadn user 1 c\u00e1ch hi\u1ec7u qu\u1ea3 nh\u1ea5t<\/p>\t\t\t\t\t\t\t\t<\/div>\n\t\t\t\t<\/div>\n\t\t\t\t<div class=\"elementor-element elementor-element-b76d699 elementor-tablet-align-center elementor-widget elementor-widget-button\" data-id=\"b76d699\" data-element_type=\"widget\" data-widget_type=\"button.default\">\n\t\t\t\t<div class=\"elementor-widget-container\">\n\t\t\t\t\t\t\t\t\t<div class=\"elementor-button-wrapper\">\n\t\t\t\t\t<a class=\"elementor-button elementor-button-link elementor-size-sm\" href=\"https:\/\/app.thealita.com\" target=\"_blank\">\n\t\t\t\t\t\t<span class=\"elementor-button-content-wrapper\">\n\t\t\t\t\t\t\t\t\t<span class=\"elementor-button-text\">Mi\u1ec5n ph\u00ed 3 ng\u00e0y tr\u1ea3i nghi\u1ec7m<\/span>\n\t\t\t\t\t<\/span>\n\t\t\t\t\t<\/a>\n\t\t\t\t<\/div>\n\t\t\t\t\t\t\t\t<\/div>\n\t\t\t\t<\/div>\n\t\t\t\t\t<\/div>\n\t\t<\/div>\n\t\t\t\t<div class=\"elementor-column elementor-col-50 elementor-top-column elementor-element elementor-element-b9b5837\" data-id=\"b9b5837\" data-element_type=\"column\">\n\t\t\t<div class=\"elementor-widget-wrap elementor-element-populated\">\n\t\t\t\t\t\t<div class=\"elementor-element elementor-element-696a22d elementor-widget elementor-widget-image\" data-id=\"696a22d\" data-element_type=\"widget\" data-widget_type=\"image.default\">\n\t\t\t\t<div class=\"elementor-widget-container\">\n\t\t\t\t\t\t\t\t\t\t\t\t\t\t\t<img fetchpriority=\"high\" decoding=\"async\" width=\"2217\" height=\"1421\" src=\"https:\/\/thealita.com\/vn\/wp-content\/uploads\/2025\/10\/Screenshot_2.png\" class=\"attachment-full size-full wp-image-2943\" alt=\"\" srcset=\"https:\/\/thealita.com\/vn\/wp-content\/uploads\/2025\/10\/Screenshot_2.png 2217w, https:\/\/thealita.com\/vn\/wp-content\/uploads\/2025\/10\/Screenshot_2-300x192.png 300w, https:\/\/thealita.com\/vn\/wp-content\/uploads\/2025\/10\/Screenshot_2-1024x656.png 1024w, https:\/\/thealita.com\/vn\/wp-content\/uploads\/2025\/10\/Screenshot_2-768x492.png 768w, https:\/\/thealita.com\/vn\/wp-content\/uploads\/2025\/10\/Screenshot_2-1536x985.png 1536w, https:\/\/thealita.com\/vn\/wp-content\/uploads\/2025\/10\/Screenshot_2-2048x1313.png 2048w, https:\/\/thealita.com\/vn\/wp-content\/uploads\/2025\/10\/Screenshot_2-650x417.png 650w\" sizes=\"(max-width: 2217px) 100vw, 2217px\" \/>\t\t\t\t\t\t\t\t\t\t\t\t\t\t\t<\/div>\n\t\t\t\t<\/div>\n\t\t\t\t\t<\/div>\n\t\t<\/div>\n\t\t\t\t\t<\/div>\n\t\t<\/div>\n\t\t\t\t<div class=\"elementor-section elementor-top-section elementor-element elementor-element-ccc0aa2 elementor-section-boxed elementor-section-height-default elementor-section-height-default\" data-id=\"ccc0aa2\" data-element_type=\"section\">\n\t\t\t\t\t\t<div class=\"elementor-container elementor-column-gap-default\">\n\t\t\t\t\t<div class=\"elementor-column elementor-col-100 elementor-top-column elementor-element elementor-element-ccb7454\" data-id=\"ccb7454\" data-element_type=\"column\" data-settings=\"{&quot;background_background&quot;:&quot;classic&quot;}\">\n\t\t\t<div class=\"elementor-widget-wrap elementor-element-populated\">\n\t\t\t\t\t\t<div class=\"elementor-element elementor-element-12f9b42 elementor-widget__width-initial elementor-widget-mobile__width-inherit elementor-widget elementor-widget-heading\" data-id=\"12f9b42\" data-element_type=\"widget\" data-widget_type=\"heading.default\">\n\t\t\t\t<div class=\"elementor-widget-container\">\n\t\t\t\t\t<h2 class=\"elementor-heading-title elementor-size-default\">Insight User<\/h2>\t\t\t\t<\/div>\n\t\t\t\t<\/div>\n\t\t\t\t<section class=\"elementor-section elementor-inner-section elementor-element elementor-element-b71b5e8 elementor-section-boxed elementor-section-height-default elementor-section-height-default\" data-id=\"b71b5e8\" data-element_type=\"section\">\n\t\t\t\t\t\t<div class=\"elementor-container elementor-column-gap-default\">\n\t\t\t\t\t<div class=\"elementor-column elementor-col-25 elementor-inner-column elementor-element elementor-element-a88ff5f\" data-id=\"a88ff5f\" data-element_type=\"column\" data-settings=\"{&quot;background_background&quot;:&quot;classic&quot;}\">\n\t\t\t<div class=\"elementor-widget-wrap elementor-element-populated\">\n\t\t\t\t\t\t<div class=\"elementor-element elementor-element-04f5ec3 bdt-icon-type-image elementor-position-top bdt-icon-effect-none elementor-widget elementor-widget-bdt-advanced-icon-box\" data-id=\"04f5ec3\" data-element_type=\"widget\" data-widget_type=\"bdt-advanced-icon-box.default\">\n\t\t\t\t<div class=\"elementor-widget-container\">\n\t\t\t\t\t\t\t<div class=\"bdt-ep-advanced-icon-box\">\n\n\t\t\t\t\t\t\t\n\t\t\t\t\t<div class=\"bdt-ep-advanced-icon-box-icon\">\n\t\t\t\t<span class=\"bdt-ep-advanced-icon-box-icon-wrap\">\n\n\n\t\t\t\t\t\t\t\t\t\t\t<img decoding=\"async\" src=\"https:\/\/thealita.com\/newalita\/wp-content\/uploads\/2023\/08\/Pages-Service-Inner-Icon-1.webp\" alt=\"Th\u00f4ng tin li\u00ean h\u1ec7\">\n\t\t\t\t\t\t\t\t\t<\/span>\n\t\t\t<\/div>\n\t\t\n\t\t\t\t\n\t\t\t<div class=\"bdt-ep-advanced-icon-box-content\">\n\n\t\t\t\t\t\t\t\t\t\n\t\t\t\t\t<h4 class=\"bdt-ep-advanced-icon-box-title\">\n\t\t\t\t<span >\n\t\t\t\t\tTh\u00f4ng tin li\u00ean h\u1ec7\t\t\t\t<\/span>\n\t\t\t<\/h4>\n\t\t\n\n\t\t\n\t\t\t\t\t\n\t\t\t\t\n\t\t\t\t\t\t\t\t\t<div class=\"bdt-ep-advanced-icon-box-description\">\n\t\t\t\t\t\t<p>H\u1ec7 th\u1ed1ng Bigdata cung c\u1ea5p th\u00f4ng tin li\u00ean h\u1ec7 bao g\u1ed3m: Phone, Email, Linkedin Profile, Facebook &#8230;<\/p>\t\t\t\t\t<\/div>\n\t\t\t\t\n\t\t\t\t\t\t\t<\/div>\n\t\t<\/div>\n\n\t\t\n\t\t\n\t\t\t\t<\/div>\n\t\t\t\t<\/div>\n\t\t\t\t\t<\/div>\n\t\t<\/div>\n\t\t\t\t<div class=\"elementor-column elementor-col-25 elementor-inner-column elementor-element elementor-element-2ee5b30\" data-id=\"2ee5b30\" data-element_type=\"column\" data-settings=\"{&quot;background_background&quot;:&quot;classic&quot;}\">\n\t\t\t<div class=\"elementor-widget-wrap elementor-element-populated\">\n\t\t\t\t\t\t<div class=\"elementor-element elementor-element-2520c41 bdt-icon-type-image elementor-position-top bdt-icon-effect-none elementor-widget elementor-widget-bdt-advanced-icon-box\" data-id=\"2520c41\" data-element_type=\"widget\" data-widget_type=\"bdt-advanced-icon-box.default\">\n\t\t\t\t<div class=\"elementor-widget-container\">\n\t\t\t\t\t\t\t<div class=\"bdt-ep-advanced-icon-box\">\n\n\t\t\t\t\t\t\t\n\t\t\t\t\t<div class=\"bdt-ep-advanced-icon-box-icon\">\n\t\t\t\t<span class=\"bdt-ep-advanced-icon-box-icon-wrap\">\n\n\n\t\t\t\t\t\t\t\t\t\t\t<img decoding=\"async\" src=\"https:\/\/thealita.com\/newalita\/wp-content\/uploads\/2023\/08\/Pages-Service-Inner-Icon-2.webp\" alt=\"Th\u00f4ng tin profile\">\n\t\t\t\t\t\t\t\t\t<\/span>\n\t\t\t<\/div>\n\t\t\n\t\t\t\t\n\t\t\t<div class=\"bdt-ep-advanced-icon-box-content\">\n\n\t\t\t\t\t\t\t\t\t\n\t\t\t\t\t<h4 class=\"bdt-ep-advanced-icon-box-title\">\n\t\t\t\t<span >\n\t\t\t\t\tTh\u00f4ng tin profile\t\t\t\t<\/span>\n\t\t\t<\/h4>\n\t\t\n\n\t\t\n\t\t\t\t\t\n\t\t\t\t\n\t\t\t\t\t\t\t\t\t<div class=\"bdt-ep-advanced-icon-box-description\">\n\t\t\t\t\t\t<p>T\u00f9y thu\u1ed9c v\u00e0o m\u1ee9c \u0111\u1ed9 public data c\u1ee7a user tr\u00ean Social, h\u1ec7 th\u1ed1ng cung c\u1ea5p c\u00e1c th\u00f4ng tin v\u1ec1 t\u00ecnh tr\u1ea1ng h\u00f4n nh\u00e2n, h\u1ecdc v\u1ea5n, s\u1edf th\u00edch<\/p>\t\t\t\t\t<\/div>\n\t\t\t\t\n\t\t\t\t\t\t\t<\/div>\n\t\t<\/div>\n\n\t\t\n\t\t\n\t\t\t\t<\/div>\n\t\t\t\t<\/div>\n\t\t\t\t\t<\/div>\n\t\t<\/div>\n\t\t\t\t<div class=\"elementor-column elementor-col-25 elementor-inner-column elementor-element elementor-element-4adee48\" data-id=\"4adee48\" data-element_type=\"column\" data-settings=\"{&quot;background_background&quot;:&quot;classic&quot;}\">\n\t\t\t<div class=\"elementor-widget-wrap elementor-element-populated\">\n\t\t\t\t\t\t<div class=\"elementor-element elementor-element-8c220fc bdt-icon-type-image elementor-position-top bdt-icon-effect-none elementor-widget elementor-widget-bdt-advanced-icon-box\" data-id=\"8c220fc\" data-element_type=\"widget\" data-widget_type=\"bdt-advanced-icon-box.default\">\n\t\t\t\t<div class=\"elementor-widget-container\">\n\t\t\t\t\t\t\t<div class=\"bdt-ep-advanced-icon-box\">\n\n\t\t\t\t\t\t\t\n\t\t\t\t\t<div class=\"bdt-ep-advanced-icon-box-icon\">\n\t\t\t\t<span class=\"bdt-ep-advanced-icon-box-icon-wrap\">\n\n\n\t\t\t\t\t\t\t\t\t\t\t<img decoding=\"async\" src=\"https:\/\/thealita.com\/newalita\/wp-content\/uploads\/2023\/08\/Pages-Service-Inner-Icon-3.webp\" alt=\"H\u00e0nh vi &amp; Insight\">\n\t\t\t\t\t\t\t\t\t<\/span>\n\t\t\t<\/div>\n\t\t\n\t\t\t\t\n\t\t\t<div class=\"bdt-ep-advanced-icon-box-content\">\n\n\t\t\t\t\t\t\t\t\t\n\t\t\t\t\t<h4 class=\"bdt-ep-advanced-icon-box-title\">\n\t\t\t\t<span >\n\t\t\t\t\tH\u00e0nh vi &amp; Insight\t\t\t\t<\/span>\n\t\t\t<\/h4>\n\t\t\n\n\t\t\n\t\t\t\t\t\n\t\t\t\t\n\t\t\t\t\t\t\t\t\t<div class=\"bdt-ep-advanced-icon-box-description\">\n\t\t\t\t\t\t<p>AI model s\u1ebd ph\u00e2n t\u00edch v\u00e0 cung c\u1ea5p ch\u00ednh x\u00e1c v\u1ec1 Insight v\u00e0 h\u00e0nh vi kh\u00e1ch h\u00e0ng d\u1ef1a v\u00e0o d\u1eef li\u1ec7u tr\u00ean social<\/p>\t\t\t\t\t<\/div>\n\t\t\t\t\n\t\t\t\t\t\t\t<\/div>\n\t\t<\/div>\n\n\t\t\n\t\t\n\t\t\t\t<\/div>\n\t\t\t\t<\/div>\n\t\t\t\t\t<\/div>\n\t\t<\/div>\n\t\t\t\t<div class=\"elementor-column elementor-col-25 elementor-inner-column elementor-element elementor-element-4cf1c11\" data-id=\"4cf1c11\" data-element_type=\"column\" data-settings=\"{&quot;background_background&quot;:&quot;classic&quot;}\">\n\t\t\t<div class=\"elementor-widget-wrap elementor-element-populated\">\n\t\t\t\t\t\t<div class=\"elementor-element elementor-element-7143ad6 bdt-icon-type-image elementor-position-top bdt-icon-effect-none elementor-widget elementor-widget-bdt-advanced-icon-box\" data-id=\"7143ad6\" data-element_type=\"widget\" data-widget_type=\"bdt-advanced-icon-box.default\">\n\t\t\t\t<div class=\"elementor-widget-container\">\n\t\t\t\t\t\t\t<div class=\"bdt-ep-advanced-icon-box\">\n\n\t\t\t\t\t\t\t\n\t\t\t\t\t<div class=\"bdt-ep-advanced-icon-box-icon\">\n\t\t\t\t<span class=\"bdt-ep-advanced-icon-box-icon-wrap\">\n\n\n\t\t\t\t\t\t\t\t\t\t\t<img decoding=\"async\" src=\"https:\/\/thealita.com\/newalita\/wp-content\/uploads\/2023\/08\/Pages-Service-Inner-Icon-4.webp\" alt=\"Chi\u1ebfn l\u01b0\u1ee3c ti\u1ebfp c\u1eadn\">\n\t\t\t\t\t\t\t\t\t<\/span>\n\t\t\t<\/div>\n\t\t\n\t\t\t\t\n\t\t\t<div class=\"bdt-ep-advanced-icon-box-content\">\n\n\t\t\t\t\t\t\t\t\t\n\t\t\t\t\t<h4 class=\"bdt-ep-advanced-icon-box-title\">\n\t\t\t\t<span >\n\t\t\t\t\tChi\u1ebfn l\u01b0\u1ee3c ti\u1ebfp c\u1eadn\t\t\t\t<\/span>\n\t\t\t<\/h4>\n\t\t\n\n\t\t\n\t\t\t\t\t\n\t\t\t\t\n\t\t\t\t\t\t\t\t\t<div class=\"bdt-ep-advanced-icon-box-description\">\n\t\t\t\t\t\t<p>AI s\u1ebd \u0111\u1ec1 xu\u1ea5t m\u1ed9t s\u1ed1 chi\u1ebfn l\u01b0\u1ee3c ti\u1ebfp c\u1eadn user 1 c\u00e1ch hi\u1ec7u qu\u1ea3 \u0111\u1ec3 gi\u00fap b\u1ea1n c\u00f3 th\u1ec3 contact, ch\u1ed1t sale cao nh\u1ea5t<\/p>\t\t\t\t\t<\/div>\n\t\t\t\t\n\t\t\t\t\t\t\t<\/div>\n\t\t<\/div>\n\n\t\t\n\t\t\n\t\t\t\t<\/div>\n\t\t\t\t<\/div>\n\t\t\t\t\t<\/div>\n\t\t<\/div>\n\t\t\t\t\t<\/div>\n\t\t<\/section>\n\t\t\t\t\t<\/div>\n\t\t<\/div>\n\t\t\t\t\t<\/div>\n\t\t<\/div>\n\t\t\t\t<\/div>\n\t\t","protected":false},"excerpt":{"rendered":"<p>\u1ee8ng D\u1ee5ng AI AI Ph\u00e2n t\u00edch Insight Kh\u00e1ch h\u00e0ng Model AI \u0111\u01b0\u1ee3c [&hellip;]<\/p>\n","protected":false},"author":1,"featured_media":0,"parent":0,"menu_order":0,"comment_status":"closed","ping_status":"closed","template":"","meta":{"footnotes":""},"class_list":["post-2941","page","type-page","status-publish","hentry"],"yoast_head":"<!-- This site is optimized with the Yoast SEO plugin v25.9 - https:\/\/yoast.com\/wordpress\/plugins\/seo\/ -->\n<title>ALITA - Cloud Social Segmentation<\/title>\n<meta name=\"description\" content=\"One platform enables you to integrate 1st data with social data, allowing you to generate millions of potential customer profiles and build B2B Lead\" \/>\n<meta name=\"robots\" content=\"index, follow, max-snippet:-1, max-image-preview:large, max-video-preview:-1\" \/>\n<link rel=\"canonical\" href=\"https:\/\/thealita.com\/vn\/ai-persona-insight\/\" \/>\n<meta property=\"og:locale\" content=\"en_US\" \/>\n<meta property=\"og:type\" content=\"article\" \/>\n<meta property=\"og:title\" content=\"ALITA - Cloud Social Segmentation\" \/>\n<meta property=\"og:description\" content=\"One platform enables you to integrate 1st data with social data, allowing you to generate millions of potential customer profiles and build B2B Lead\" \/>\n<meta property=\"og:url\" content=\"https:\/\/thealita.com\/vn\/ai-persona-insight\/\" \/>\n<meta property=\"og:site_name\" content=\"The Alita - Social Segmentation Platform by AI\" \/>\n<meta property=\"article:modified_time\" content=\"2025-10-06T14:18:18+00:00\" \/>\n<meta property=\"og:image\" content=\"https:\/\/thealita.com\/vn\/wp-content\/uploads\/2023\/09\/alita-facebook-share.png\" \/>\n\t<meta property=\"og:image:width\" content=\"600\" \/>\n\t<meta property=\"og:image:height\" content=\"314\" \/>\n\t<meta property=\"og:image:type\" content=\"image\/png\" \/>\n<meta name=\"twitter:card\" content=\"summary_large_image\" \/>\n<meta name=\"twitter:title\" content=\"ALITA - Cloud Social Segmentation\" \/>\n<meta name=\"twitter:description\" content=\"One platform enables you to integrate 1st data with social data, allowing you to generate millions of potential customer profiles and build B2B Lead\" \/>\n<meta name=\"twitter:image\" content=\"https:\/\/thealita.com\/vn\/wp-content\/uploads\/2023\/09\/alita-facebook-share.png\" \/>\n<meta name=\"twitter:label1\" content=\"Est. reading time\" \/>\n\t<meta name=\"twitter:data1\" content=\"2 minutes\" \/>\n<script type=\"application\/ld+json\" class=\"yoast-schema-graph\">{\"@context\":\"https:\/\/schema.org\",\"@graph\":[{\"@type\":\"WebPage\",\"@id\":\"https:\/\/thealita.com\/vn\/ai-persona-insight\/\",\"url\":\"https:\/\/thealita.com\/vn\/ai-persona-insight\/\",\"name\":\"ALITA - Cloud Social Segmentation\",\"isPartOf\":{\"@id\":\"https:\/\/thealita.com\/vn\/#website\"},\"primaryImageOfPage\":{\"@id\":\"https:\/\/thealita.com\/vn\/ai-persona-insight\/#primaryimage\"},\"image\":{\"@id\":\"https:\/\/thealita.com\/vn\/ai-persona-insight\/#primaryimage\"},\"thumbnailUrl\":\"https:\/\/thealita.com\/vn\/wp-content\/uploads\/2025\/10\/Screenshot_2.png\",\"datePublished\":\"2025-10-06T14:10:47+00:00\",\"dateModified\":\"2025-10-06T14:18:18+00:00\",\"description\":\"One platform enables you to integrate 1st data with social data, allowing you to generate millions of potential customer profiles and build B2B Lead\",\"breadcrumb\":{\"@id\":\"https:\/\/thealita.com\/vn\/ai-persona-insight\/#breadcrumb\"},\"inLanguage\":\"en-US\",\"potentialAction\":[{\"@type\":\"ReadAction\",\"target\":[\"https:\/\/thealita.com\/vn\/ai-persona-insight\/\"]}]},{\"@type\":\"ImageObject\",\"inLanguage\":\"en-US\",\"@id\":\"https:\/\/thealita.com\/vn\/ai-persona-insight\/#primaryimage\",\"url\":\"https:\/\/thealita.com\/vn\/wp-content\/uploads\/2025\/10\/Screenshot_2.png\",\"contentUrl\":\"https:\/\/thealita.com\/vn\/wp-content\/uploads\/2025\/10\/Screenshot_2.png\",\"width\":2217,\"height\":1421},{\"@type\":\"BreadcrumbList\",\"@id\":\"https:\/\/thealita.com\/vn\/ai-persona-insight\/#breadcrumb\",\"itemListElement\":[{\"@type\":\"ListItem\",\"position\":1,\"name\":\"Home\",\"item\":\"https:\/\/thealita.com\/vn\/\"},{\"@type\":\"ListItem\",\"position\":2,\"name\":\"AI Ph\u00e2n T\u00edch Insight\"}]},{\"@type\":\"WebSite\",\"@id\":\"https:\/\/thealita.com\/vn\/#website\",\"url\":\"https:\/\/thealita.com\/vn\/\",\"name\":\"The Alita - Social Segmentation Platform by AI\",\"description\":\"Customer Segmentation Platform\",\"potentialAction\":[{\"@type\":\"SearchAction\",\"target\":{\"@type\":\"EntryPoint\",\"urlTemplate\":\"https:\/\/thealita.com\/vn\/?s={search_term_string}\"},\"query-input\":{\"@type\":\"PropertyValueSpecification\",\"valueRequired\":true,\"valueName\":\"search_term_string\"}}],\"inLanguage\":\"en-US\"}]}<\/script>\n<!-- \/ Yoast SEO plugin. -->","yoast_head_json":{"title":"ALITA - Cloud Social Segmentation","description":"One platform enables you to integrate 1st data with social data, allowing you to generate millions of potential customer profiles and build B2B Lead","robots":{"index":"index","follow":"follow","max-snippet":"max-snippet:-1","max-image-preview":"max-image-preview:large","max-video-preview":"max-video-preview:-1"},"canonical":"https:\/\/thealita.com\/vn\/ai-persona-insight\/","og_locale":"en_US","og_type":"article","og_title":"ALITA - Cloud Social Segmentation","og_description":"One platform enables you to integrate 1st data with social data, allowing you to generate millions of potential customer profiles and build B2B Lead","og_url":"https:\/\/thealita.com\/vn\/ai-persona-insight\/","og_site_name":"The Alita - Social Segmentation Platform by AI","article_modified_time":"2025-10-06T14:18:18+00:00","og_image":[{"width":600,"height":314,"url":"https:\/\/thealita.com\/vn\/wp-content\/uploads\/2023\/09\/alita-facebook-share.png","type":"image\/png"}],"twitter_card":"summary_large_image","twitter_title":"ALITA - Cloud Social Segmentation","twitter_description":"One platform enables you to integrate 1st data with social data, allowing you to generate millions of potential customer profiles and build B2B Lead","twitter_image":"https:\/\/thealita.com\/vn\/wp-content\/uploads\/2023\/09\/alita-facebook-share.png","twitter_misc":{"Est. reading time":"2 minutes"},"schema":{"@context":"https:\/\/schema.org","@graph":[{"@type":"WebPage","@id":"https:\/\/thealita.com\/vn\/ai-persona-insight\/","url":"https:\/\/thealita.com\/vn\/ai-persona-insight\/","name":"ALITA - Cloud Social Segmentation","isPartOf":{"@id":"https:\/\/thealita.com\/vn\/#website"},"primaryImageOfPage":{"@id":"https:\/\/thealita.com\/vn\/ai-persona-insight\/#primaryimage"},"image":{"@id":"https:\/\/thealita.com\/vn\/ai-persona-insight\/#primaryimage"},"thumbnailUrl":"https:\/\/thealita.com\/vn\/wp-content\/uploads\/2025\/10\/Screenshot_2.png","datePublished":"2025-10-06T14:10:47+00:00","dateModified":"2025-10-06T14:18:18+00:00","description":"One platform enables you to integrate 1st data with social data, allowing you to generate millions of potential customer profiles and build B2B Lead","breadcrumb":{"@id":"https:\/\/thealita.com\/vn\/ai-persona-insight\/#breadcrumb"},"inLanguage":"en-US","potentialAction":[{"@type":"ReadAction","target":["https:\/\/thealita.com\/vn\/ai-persona-insight\/"]}]},{"@type":"ImageObject","inLanguage":"en-US","@id":"https:\/\/thealita.com\/vn\/ai-persona-insight\/#primaryimage","url":"https:\/\/thealita.com\/vn\/wp-content\/uploads\/2025\/10\/Screenshot_2.png","contentUrl":"https:\/\/thealita.com\/vn\/wp-content\/uploads\/2025\/10\/Screenshot_2.png","width":2217,"height":1421},{"@type":"BreadcrumbList","@id":"https:\/\/thealita.com\/vn\/ai-persona-insight\/#breadcrumb","itemListElement":[{"@type":"ListItem","position":1,"name":"Home","item":"https:\/\/thealita.com\/vn\/"},{"@type":"ListItem","position":2,"name":"AI Ph\u00e2n T\u00edch Insight"}]},{"@type":"WebSite","@id":"https:\/\/thealita.com\/vn\/#website","url":"https:\/\/thealita.com\/vn\/","name":"The Alita - Social Segmentation Platform by AI","description":"Customer Segmentation Platform","potentialAction":[{"@type":"SearchAction","target":{"@type":"EntryPoint","urlTemplate":"https:\/\/thealita.com\/vn\/?s={search_term_string}"},"query-input":{"@type":"PropertyValueSpecification","valueRequired":true,"valueName":"search_term_string"}}],"inLanguage":"en-US"}]}},"_links":{"self":[{"href":"https:\/\/thealita.com\/vn\/wp-json\/wp\/v2\/pages\/2941","targetHints":{"allow":["GET"]}}],"collection":[{"href":"https:\/\/thealita.com\/vn\/wp-json\/wp\/v2\/pages"}],"about":[{"href":"https:\/\/thealita.com\/vn\/wp-json\/wp\/v2\/types\/page"}],"author":[{"embeddable":true,"href":"https:\/\/thealita.com\/vn\/wp-json\/wp\/v2\/users\/1"}],"replies":[{"embeddable":true,"href":"https:\/\/thealita.com\/vn\/wp-json\/wp\/v2\/comments?post=2941"}],"version-history":[{"count":7,"href":"https:\/\/thealita.com\/vn\/wp-json\/wp\/v2\/pages\/2941\/revisions"}],"predecessor-version":[{"id":2949,"href":"https:\/\/thealita.com\/vn\/wp-json\/wp\/v2\/pages\/2941\/revisions\/2949"}],"wp:attachment":[{"href":"https:\/\/thealita.com\/vn\/wp-json\/wp\/v2\/media?parent=2941"}],"curies":[{"name":"wp","href":"https:\/\/api.w.org\/{rel}","templated":true}]}}